{"id":13,"date":"2026-02-24T12:47:29","date_gmt":"2026-02-24T12:47:29","guid":{"rendered":"https:\/\/petycje.ordoiuris.pl\/?page_id=13"},"modified":"2026-03-30T08:40:45","modified_gmt":"2026-03-30T08:40:45","slug":"home","status":"publish","type":"page","link":"https:\/\/petycje.ordoiuris.pl\/","title":{"rendered":"Home"},"content":{"rendered":"<p>[et_pb_section fb_built=&#8221;1&#8243; _builder_version=&#8221;4.23.2&#8243; _module_preset=&#8221;default&#8221; custom_margin=&#8221;0px|0px|0px|0px|true|true&#8221; custom_padding=&#8221;0px|0px|0px|0px|true|true&#8221; global_colors_info=&#8221;{}&#8221;][et_pb_row _builder_version=&#8221;4.23.2&#8243; _module_preset=&#8221;default&#8221; custom_margin=&#8221;0px|0px|0px|0px|true|true&#8221; custom_padding=&#8221;0px|0px|0px|0px|true|true&#8221; global_colors_info=&#8221;{}&#8221;][et_pb_column type=&#8221;4_4&#8243; _builder_version=&#8221;4.23.2&#8243; _module_preset=&#8221;default&#8221; global_colors_info=&#8221;{}&#8221;][et_pb_image src=&#8221;https:\/\/petycje.ordoiuris.pl\/wp-content\/uploads\/2026\/02\/3-nasze-pertycje-1920&#215;890-1.jpg&#8221; title_text=&#8221;3-nasze-pertycje-1920&#215;890-1&#8243; _builder_version=&#8221;4.23.2&#8243; _module_preset=&#8221;default&#8221; width=&#8221;100vw&#8221; global_colors_info=&#8221;{}&#8221;][\/et_pb_image][\/et_pb_column][\/et_pb_row][\/et_pb_section][et_pb_section fb_built=&#8221;1&#8243; _builder_version=&#8221;4.23.2&#8243; _module_preset=&#8221;default&#8221; global_colors_info=&#8221;{}&#8221;][et_pb_row _builder_version=&#8221;4.23.2&#8243; _module_preset=&#8221;default&#8221; global_colors_info=&#8221;{}&#8221;][et_pb_column type=&#8221;4_4&#8243; _builder_version=&#8221;4.23.2&#8243; _module_preset=&#8221;default&#8221; global_colors_info=&#8221;{}&#8221;][et_pb_heading title=&#8221;Petycje wci\u0105\u017c otwarte, mo\u017cesz je podpisa\u0107!&#8221; _builder_version=&#8221;4.23.2&#8243; _module_preset=&#8221;default&#8221; title_level=&#8221;h2&#8243; title_font=&#8221;Jost|700|||||||&#8221; title_text_align=&#8221;center&#8221; global_colors_info=&#8221;{}&#8221;][\/et_pb_heading][et_pb_blog fullwidth=&#8221;off&#8221; posts_number=&#8221;100&#8243; include_categories=&#8221;4&#8243; show_content=&#8221;on&#8221; show_author=&#8221;off&#8221; show_date=&#8221;off&#8221; show_categories=&#8221;off&#8221; show_pagination=&#8221;off&#8221; module_class=&#8221;dt-blog-equal-height&#8221; _builder_version=&#8221;4.23.2&#8243; _module_preset=&#8221;default&#8221; body_font=&#8221;|600|||||||&#8221; body_text_align=&#8221;center&#8221; width=&#8221;100%&#8221; max_width=&#8221;100%&#8221; hover_enabled=&#8221;0&#8243; custom_css_free_form=&#8221;\/*a {||  pointer-events: none !important;||  cursor: default !important;||}||||a%91href%93{||  content: &#8221; !important;||}*\/||a.entry-featured-image-url%91href%93 {||  pointer-events: none !important;||  cursor: default !important;||  content: &#8221; !important;||}&#8221; custom_css_title=&#8221;display: none !important;&#8221; custom_css_featured_image=&#8221;height: 100% !important;||width: 100% !important;&#8221; border_width_all=&#8221;0px&#8221; border_style_all_image=&#8221;none&#8221; global_colors_info=&#8221;{}&#8221; link_option_url=&#8221;#&#8221; sticky_enabled=&#8221;0&#8243;][\/et_pb_blog][\/et_pb_column][\/et_pb_row][\/et_pb_section]<\/p>\n","protected":false},"excerpt":{"rendered":"","protected":false},"author":2,"featured_media":0,"parent":0,"menu_order":0,"comment_status":"closed","ping_status":"closed","template":"page-template-blank.php","meta":{"_et_pb_use_builder":"on","_et_pb_old_content":"","_et_gb_content_width":"","footnotes":""},"class_list":["post-13","page","type-page","status-publish","hentry"],"_links":{"self":[{"href":"https:\/\/petycje.ordoiuris.pl\/index.php\/wp-json\/wp\/v2\/pages\/13","targetHints":{"allow":["GET"]}}],"collection":[{"href":"https:\/\/petycje.ordoiuris.pl\/index.php\/wp-json\/wp\/v2\/pages"}],"about":[{"href":"https:\/\/petycje.ordoiuris.pl\/index.php\/wp-json\/wp\/v2\/types\/page"}],"author":[{"embeddable":true,"href":"https:\/\/petycje.ordoiuris.pl\/index.php\/wp-json\/wp\/v2\/users\/2"}],"replies":[{"embeddable":true,"href":"https:\/\/petycje.ordoiuris.pl\/index.php\/wp-json\/wp\/v2\/comments?post=13"}],"version-history":[{"count":22,"href":"https:\/\/petycje.ordoiuris.pl\/index.php\/wp-json\/wp\/v2\/pages\/13\/revisions"}],"predecessor-version":[{"id":106,"href":"https:\/\/petycje.ordoiuris.pl\/index.php\/wp-json\/wp\/v2\/pages\/13\/revisions\/106"}],"wp:attachment":[{"href":"https:\/\/petycje.ordoiuris.pl\/index.php\/wp-json\/wp\/v2\/media?parent=13"}],"curies":[{"name":"wp","href":"https:\/\/api.w.org\/{rel}","templated":true}]}}